{"id":2470,"date":"2020-05-29T15:02:58","date_gmt":"2020-05-29T13:02:58","guid":{"rendered":"https:\/\/www.courstjean.be\/?post_type=product&#038;p=2470"},"modified":"2025-05-29T19:39:17","modified_gmt":"2025-05-29T17:39:17","slug":"bouteille-fernet-branca","status":"publish","type":"product","link":"https:\/\/www.courstjean.be\/index.php\/produit\/bouteille-fernet-branca\/","title":{"rendered":"Bouteille Fernet Branca"},"content":{"rendered":"<p>Ce divin breuvage est un m\u00e9lange complexe d&rsquo;une quarantaine d&rsquo;herbes diff\u00e9rentes. Il est id\u00e9al pour tes gueules de bois, dixit Wikip\u00e9dia.<\/p>\n<p>Contenu du package :<\/p>\n<ul>\n<li>Une bouteille de Fernet Branca 70 cl<\/li>\n<li>4 verres Shooters<\/li>\n<li>Un goodie au choix entre un jeu de carte ou cl\u00e9 USB Cour St-Jean (\u00e0 pr\u00e9ciser lors de la commande).<\/li>\n<\/ul>\n","protected":false},"excerpt":{"rendered":"<p>Ce divin breuvage est un m\u00e9lange complexe d&rsquo;une quarantaine d&rsquo;herbes diff\u00e9rentes. Il est id\u00e9al pour tes gueules de bois, dixit Wikip\u00e9dia.<\/p>\n<p>Contenu du package :<\/p>\n<ul>\n<li>Une bouteille de Fernet Branca 70 cl<\/li>\n<li>4 verres Shooters<\/li>\n<li>Un goodie au choix entre un jeu de carte ou cl\u00e9 USB Cour St-Jean (\u00e0 pr\u00e9ciser lors de la commande).<\/li>\n<\/ul>\n","protected":false},"featured_media":2471,"comment_status":"open","ping_status":"closed","template":"","meta":[],"class_list":["post-2470","product","type-product","status-publish","has-post-thumbnail","hentry","product_cat-bouteilles"],"_links":{"self":[{"href":"https:\/\/www.courstjean.be\/index.php\/wp-json\/wp\/v2\/product\/2470","targetHints":{"allow":["GET"]}}],"collection":[{"href":"https:\/\/www.courstjean.be\/index.php\/wp-json\/wp\/v2\/product"}],"about":[{"href":"https:\/\/www.courstjean.be\/index.php\/wp-json\/wp\/v2\/types\/product"}],"replies":[{"embeddable":true,"href":"https:\/\/www.courstjean.be\/index.php\/wp-json\/wp\/v2\/comments?post=2470"}],"wp:featuredmedia":[{"embeddable":true,"href":"https:\/\/www.courstjean.be\/index.php\/wp-json\/wp\/v2\/media\/2471"}],"wp:attachment":[{"href":"https:\/\/www.courstjean.be\/index.php\/wp-json\/wp\/v2\/media?parent=2470"}],"curies":[{"name":"wp","href":"https:\/\/api.w.org\/{rel}","templated":true}]}}